{"id":33,"date":"2026-01-15T11:22:28","date_gmt":"2026-01-15T11:22:28","guid":{"rendered":"https:\/\/seefluthaudio.de\/?page_id=33"},"modified":"2026-04-13T19:20:38","modified_gmt":"2026-04-13T19:20:38","slug":"impressum","status":"publish","type":"page","link":"https:\/\/seefluthaudio.de\/index.php\/impressum\/","title":{"rendered":"Impressum"},"content":{"rendered":"<p>[et_pb_section fb_built=&#8220;1&#8243; _builder_version=&#8220;4.27.5&#8243; _module_preset=&#8220;default&#8220; global_colors_info=&#8220;{}&#8220;][et_pb_row _builder_version=&#8220;4.27.5&#8243; _module_preset=&#8220;default&#8220; global_colors_info=&#8220;{}&#8220;][et_pb_column type=&#8220;4_4&#8243; _builder_version=&#8220;4.27.5&#8243; _module_preset=&#8220;default&#8220; global_colors_info=&#8220;{}&#8220;][et_pb_text _builder_version=&#8220;4.27.5&#8243; _module_preset=&#8220;default&#8220; header_font=&#8220;Cormorant Garamond||||||||&#8220; hover_enabled=&#8220;0&#8243; global_colors_info=&#8220;{}&#8220; header_font_size=&#8220;40px&#8220; sticky_enabled=&#8220;0&#8243;]<\/p>\n<h1>Impressum<\/h1>\n<p>[\/et_pb_text][\/et_pb_column][\/et_pb_row][et_pb_row _builder_version=&#8220;4.27.5&#8243; _module_preset=&#8220;default&#8220; global_colors_info=&#8220;{}&#8220;][et_pb_column type=&#8220;4_4&#8243; _builder_version=&#8220;4.27.5&#8243; _module_preset=&#8220;default&#8220; global_colors_info=&#8220;{}&#8220;][et_pb_text _builder_version=&#8220;4.27.5&#8243; _module_preset=&#8220;default&#8220; text_font=&#8220;Roboto|300|||||||&#8220; text_text_color=&#8220;#000000&#8243; text_font_size=&#8220;16px&#8220; global_colors_info=&#8220;{}&#8220;]<\/p>\n<p>Angaben gem\u00e4\u00df \u00a7 5 TMG<\/p>\n<p>Seefluth Audio<br \/>\u2028Inhaber: Michael Seefluth\u2028<br \/>Schwarzwaldstra\u00dfe 117<br \/>77815 B\u00fchl-Neusatz<br \/>Deutschland<\/p>\n<p>Kontakt<br \/>Telefon: +49 160 97771188<br \/>E-Mail: info@seefluthaudio.de<\/p>\n<p>Verantwortlich f\u00fcr den Inhalt nach \u00a7 55 Abs. 2 RStV\u2028<\/p>\n<p>Michael Seefluth<br \/>Schwarzwaldstra\u00dfe 117<br \/>77815 B\u00fchl-Neusatz<\/p>\n<p>[\/et_pb_text][\/et_pb_column][\/et_pb_row][\/et_pb_section]<\/p>\n","protected":false},"excerpt":{"rendered":"<p>ImpressumAngaben gem\u00e4\u00df \u00a7 5 TMG Seefluth Audio\u2028Inhaber: Michael Seefluth\u2028Schwarzwaldstra\u00dfe 11777815 B\u00fchl-NeusatzDeutschland KontaktTelefon: +49 160 97771188E-Mail: info@seefluthaudio.de Verantwortlich f\u00fcr den Inhalt nach \u00a7 55 Abs. 2 RStV\u2028 Michael SeefluthSchwarzwaldstra\u00dfe 11777815 B\u00fchl-Neusatz<\/p>\n","protected":false},"author":1,"featured_media":0,"parent":0,"menu_order":0,"comment_status":"closed","ping_status":"closed","template":"","meta":{"_et_pb_use_builder":"on","_et_pb_old_content":"","_et_gb_content_width":"","footnotes":""},"class_list":["post-33","page","type-page","status-publish","hentry"],"_links":{"self":[{"href":"https:\/\/seefluthaudio.de\/index.php\/wp-json\/wp\/v2\/pages\/33","targetHints":{"allow":["GET"]}}],"collection":[{"href":"https:\/\/seefluthaudio.de\/index.php\/wp-json\/wp\/v2\/pages"}],"about":[{"href":"https:\/\/seefluthaudio.de\/index.php\/wp-json\/wp\/v2\/types\/page"}],"author":[{"embeddable":true,"href":"https:\/\/seefluthaudio.de\/index.php\/wp-json\/wp\/v2\/users\/1"}],"replies":[{"embeddable":true,"href":"https:\/\/seefluthaudio.de\/index.php\/wp-json\/wp\/v2\/comments?post=33"}],"version-history":[{"count":6,"href":"https:\/\/seefluthaudio.de\/index.php\/wp-json\/wp\/v2\/pages\/33\/revisions"}],"predecessor-version":[{"id":265,"href":"https:\/\/seefluthaudio.de\/index.php\/wp-json\/wp\/v2\/pages\/33\/revisions\/265"}],"wp:attachment":[{"href":"https:\/\/seefluthaudio.de\/index.php\/wp-json\/wp\/v2\/media?parent=33"}],"curies":[{"name":"wp","href":"https:\/\/api.w.org\/{rel}","templated":true}]}}